{"id":1204,"date":"2012-03-15T17:24:31","date_gmt":"2012-03-15T17:24:31","guid":{"rendered":"http:\/\/www.fairyroom.ru\/?page_id=1204"},"modified":"2012-11-20T14:59:34","modified_gmt":"2012-11-20T14:59:34","slug":"%d1%8f%d0%bf%d0%be%d0%bd%d1%81%d0%ba%d0%b0%d1%8f-%d1%81%d0%ba%d0%b0%d0%b7%d0%ba%d0%b0-%d0%bc%d0%b0%d0%bb%d1%8c%d1%87%d0%b8%d0%ba-%d1%80%d0%b8%d1%81%d1%83%d1%8e%d1%89%d0%b8%d0%b9-%d0%ba%d0%be%d1%82","status":"publish","type":"page","link":"http:\/\/www.fairyroom.ru\/?page_id=1204","title":{"rendered":"\u042f\u043f\u043e\u043d\u0441\u043a\u0430\u044f \u0441\u043a\u0430\u0437\u043a\u0430 &#171;\u041c\u0430\u043b\u044c\u0447\u0438\u043a, \u0440\u0438\u0441\u0443\u044e\u0449\u0438\u0439 \u043a\u043e\u0442\u043e\u0432&#187;"},"content":{"rendered":"<table>\n<tr width=\"750\">\n<th width=\"200\"><a href=\"http:\/\/www.fairyroom.ru\/?p=1199\">Fr\u00e9d\u00e9ric Cl\u00e9ment <\/a><\/th>\n<th width=\"40\"><\/th>\n<th width=\"200\"><a href=\"http:\/\/www.fairyroom.ru\/?p=9882\">Adrienne Segur<\/a><\/th>\n<th width=\"40\"><\/th>\n<th width=\"200\"><\/th>\n<th><\/th>\n<\/tr>\n<tr>\n<td width=\"200\">\n<a href=\"http:\/\/www.fairyroom.ru\/?p=1199\"><img decoding=\"async\" loading=\"lazy\" src=\"http:\/\/www.fairyroom.ru\/wp-content\/uploads\/2012\/03\/p120.jpg\" alt=\"\" title=\"Fr\u00e9d\u00e9ric Cl\u00e9ment  \u00ab\u041c\u0430\u043b\u044c\u0447\u0438\u043a, \u0440\u0438\u0441\u0443\u044e\u0449\u0438\u0439 \u043a\u043e\u0442\u043e\u0432\u00bb\" width=\"200\" height=\"200\" class=\"alignnone size-full wp-image-2852\" srcset=\"http:\/\/www.fairyroom.ru\/wp-content\/uploads\/2012\/03\/p120.jpg 200w, http:\/\/www.fairyroom.ru\/wp-content\/uploads\/2012\/03\/p120-150x150.jpg 150w\" sizes=\"(max-width: 200px) 100vw, 200px\" \/><\/a><\/td>\n<td width=\"40\"><\/td>\n<td><a href=\"http:\/\/www.fairyroom.ru\/?p=9882\"><img decoding=\"async\" loading=\"lazy\" src=\"http:\/\/www.fairyroom.ru\/wp-content\/uploads\/2012\/11\/pkr52.jpg\" alt=\"\" title=\"Adrienne Segur \u00abLe Chat J\u00e9r\u00e9mie et autres histoires de chats\u00bb\" width=\"200\" height=\"200\" class=\"alignnone size-full wp-image-9889\" srcset=\"http:\/\/www.fairyroom.ru\/wp-content\/uploads\/2012\/11\/pkr52.jpg 200w, http:\/\/www.fairyroom.ru\/wp-content\/uploads\/2012\/11\/pkr52-150x150.jpg 150w\" sizes=\"(max-width: 200px) 100vw, 200px\" \/><\/a>\n<\/td>\n<td width=\"40\"><\/td>\n<td>\n<\/td>\n<td><\/td>\n<\/tr>\n<tr width=\"750\">\n<td width=\"200\">\n<h5><strong>\u041d\u0430\u0437\u0432\u0430\u043d\u0438\u0435<\/strong> \u041c\u0430\u043b\u044c\u0447\u0438\u043a, \u0440\u0438\u0441\u0443\u044e\u0449\u0438\u0439 \u043a\u043e\u0442\u043e\u0432<br \/>\n<strong>\u0410\u0432\u0442\u043e\u0440<\/strong> \u042f\u043f\u043e\u043d\u0441\u043a\u0438\u0439 \u0444\u043e\u043b\u044c\u043a\u043b\u043e\u0440<br \/>\n<strong>\u0418\u043b\u043b\u044e\u0441\u0442\u0440\u0430\u0442\u043e\u0440<\/strong> Fr\u00e9d\u00e9ric Cl\u00e9ment<br \/>\n<strong>\u0413\u043e\u0434 \u0438\u0437\u0434\u0430\u043d\u0438\u044f<\/strong> 1994<br \/>\n<strong>\u0418\u0437\u0434\u0430\u0442\u0435\u043b\u044c\u0441\u0442\u0432\u043e<\/strong> Dial<br \/>\n<\/h5>\n<\/td>\n<td width=\"40\"><\/td>\n<td width=\"200\">\n<h5><strong>\u041d\u0430\u0437\u0432\u0430\u043d\u0438\u0435<\/strong> Le Chat J\u00e9r\u00e9mie et autres histoires de chats<br \/>\n<strong>\u0410\u0432\u0442\u043e\u0440<\/strong> \u041f\u043e\u043f\u0443\u043b\u044f\u0440\u043d\u044b\u0435 \u0441\u043a\u0430\u0437\u043a\u0438<br \/>\n<strong>\u0418\u043b\u043b\u044e\u0441\u0442\u0440\u0430\u0442\u043e\u0440<\/strong> Adrienne Segur<br \/>\n<strong>\u0413\u043e\u0434 \u0438\u0437\u0434\u0430\u043d\u0438\u044f<\/strong> 1965<br \/>\n<strong>\u0418\u0437\u0434\u0430\u0442\u0435\u043b\u044c\u0441\u0442\u0432\u043e<\/strong> Flammarion<br \/>\n<\/h5>\n<\/td>\n<td width=\"40\"><\/td>\n<td width=\"200\">\n<\/td>\n<td><\/td>\n<\/tr>\n<\/table>\n<p><span class=\"new1\">\u0414<\/span>\u0430\u0432\u043d\u044b\u043c-\u0434\u0430\u0432\u043d\u043e \u0432 \u043e\u0434\u043d\u043e\u0439 \u044f\u043f\u043e\u043d\u0441\u043a\u043e\u0439 \u0433\u043e\u0440\u043d\u043e\u0439 \u0434\u0435\u0440\u0435\u0432\u0443\u0448\u043a\u0435 \u0436\u0438\u043b\u0430 \u043c\u043d\u043e\u0433\u043e\u0434\u0435\u0442\u043d\u0430\u044f \u043a\u0440\u0435\u0441\u0442\u044c\u044f\u043d\u0441\u043a\u0430\u044f \u0441\u0435\u043c\u044c\u044f. \u041e\u043d\u0430 \u0431\u044b\u043b\u0430 \u043e\u0447\u0435\u043d\u044c \u0431\u0435\u0434\u043d\u043e\u0439, \u0438 \u043a\u0430\u043a \u0442\u043e\u043b\u044c\u043a\u043e \u0434\u0435\u0442\u0438 \u043d\u0435\u043c\u043d\u043e\u0433\u043e \u043f\u043e\u0434\u0440\u043e\u0441\u043b\u0438, \u043e\u043d\u0438 \u0441\u0442\u0430\u043b\u0438 \u043d\u0430\u0440\u0430\u0432\u043d\u0435 \u0441 \u0440\u043e\u0434\u0438\u0442\u0435\u043b\u044f\u043c\u0438 \u0432\u044b\u0440\u0430\u0449\u0438\u0432\u0430\u0442\u044c \u0440\u0438\u0441.<\/p>\n<p>\u041c\u043b\u0430\u0434\u0448\u0438\u0439 \u0441\u044b\u043d, \u041a\u0430\u043c\u0438, \u0431\u044b\u043b \u043c\u0430\u043b \u0438 \u0441\u043b\u0430\u0431, \u043f\u043e\u044d\u0442\u043e\u043c\u0443 \u043d\u0435 \u043c\u043e\u0433 \u0440\u0430\u0431\u043e\u0442\u0430\u0442\u044c \u0432 \u043f\u043e\u043b\u0435. \u0417\u0430\u0442\u043e \u043e\u043d \u0431\u044b\u043b \u0441\u043c\u044b\u0448\u043b\u0435\u043d\u044b\u043c, \u0438 \u0440\u043e\u0434\u0438\u0442\u0435\u043b\u0438 \u0440\u0435\u0448\u0438\u043b\u0438, \u0447\u0442\u043e \u043c\u0430\u043b\u044c\u0447\u0438\u043a \u043d\u0435\u043f\u0440\u0435\u043c\u0435\u043d\u043d\u043e \u0434\u043e\u043b\u0436\u0435\u043d \u0441\u0442\u0430\u0442\u044c \u043c\u043e\u043d\u0430\u0445\u043e\u043c. \u041e\u043d\u0438 \u043e\u0442\u0432\u0435\u0437\u043b\u0438 \u0435\u0433\u043e \u0432 \u043c\u043e\u043d\u0430\u0441\u0442\u044b\u0440\u044c \u0438 \u043f\u043e\u043f\u0440\u043e\u0441\u0438\u043b\u0438 \u043d\u0430\u0441\u0442\u043e\u044f\u0442\u0435\u043b\u044f \u043f\u0440\u0438\u043d\u044f\u0442\u044c \u0438\u0445 \u0441\u044b\u043d\u0430 \u043d\u0430 \u043e\u0431\u0443\u0447\u0435\u043d\u0438\u0435 \u0438 \u0432\u043e\u0441\u043f\u0438\u0442\u0430\u043d\u0438\u0435.<\/p>\n<p>\u041c\u043e\u043d\u0430\u0448\u0435\u0441\u043a\u0438\u0435 \u043d\u0430\u0443\u043a\u0438 \u043b\u0435\u0433\u043a\u043e \u0434\u0430\u0432\u0430\u043b\u0438\u0441\u044c \u041a\u0430\u043c\u0438, \u043c\u043e\u0436\u0435\u0442, \u043f\u043e\u044d\u0442\u043e\u043c\u0443 \u0432\u043c\u0435\u0441\u0442\u043e \u0442\u043e\u0433\u043e, \u0447\u0442\u043e\u0431\u044b \u0437\u0430\u043f\u0438\u0441\u044b\u0432\u0430\u0442\u044c \u0441\u043b\u043e\u0432\u0430 \u0443\u0447\u0438\u0442\u0435\u043b\u044f, \u043e\u043d \u0440\u0438\u0441\u043e\u0432\u0430\u043b \u043a\u043e\u0448\u0435\u043a.<\/p>\n<p>\u041c\u0430\u043b\u044c\u0447\u0438\u043a \u0440\u0438\u0441\u043e\u0432\u0430\u043b \u0436\u0438\u0432\u043e\u0442\u043d\u044b\u0445 \u0432\u0435\u0437\u0434\u0435, \u0434\u0430\u0436\u0435 \u043d\u0430 \u043f\u043e\u043b\u044f\u0445 \u0441\u0432\u044f\u0449\u0435\u043d\u043d\u044b\u0445 \u043a\u043d\u0438\u0433, \u043d\u0430 \u0448\u0438\u0440\u043c\u0430\u0445, \u043d\u0430 \u0441\u0442\u0435\u043d\u0430\u0445 \u0438 \u043a\u043e\u043b\u043e\u043d\u043d\u0430\u0445 \u0445\u0440\u0430\u043c\u0430. \u041d\u0430\u0441\u0442\u043e\u044f\u0442\u0435\u043b\u044c \u0442\u0440\u0435\u0431\u043e\u0432\u0430\u043b, \u0447\u0442\u043e\u0431\u044b \u041a\u0430\u043c\u0438 \u043f\u0440\u0435\u043a\u0440\u0430\u0442\u0438\u043b \u0440\u0430\u0441\u043f\u0438\u0441\u044b\u0432\u0430\u0442\u044c \u0432\u0441\u0435 \u0432\u043e\u043a\u0440\u0443\u0433 \u043a\u043e\u0448\u043a\u0430\u043c\u0438, \u043e\u0434\u043d\u0430\u043a\u043e \u0442\u043e\u0442 \u043d\u0435 \u043c\u043e\u0433 \u043d\u0435 \u0434\u0435\u043b\u0430\u0442\u044c \u044d\u0442\u043e\u0433\u043e \u2013 \u043e\u043d \u0431\u044b\u043b \u043f\u0440\u0438\u0440\u043e\u0436\u0434\u0435\u043d\u043d\u044b\u043c \u0445\u0443\u0434\u043e\u0436\u043d\u0438\u043a\u043e\u043c.<\/p>\n<p>\u0414\u043e\u043b\u0433\u0438\u0445 \u0441\u0435\u043c\u044c \u043b\u0435\u0442 \u043e\u0431\u0443\u0447\u0430\u043b\u0441\u044f \u041a\u0430\u043c\u0438 \u043f\u0440\u0438 \u043c\u043e\u043d\u0430\u0441\u0442\u044b\u0440\u0435. \u041a\u0430\u043a-\u0442\u043e \u043d\u0430\u0441\u0442\u043e\u044f\u0442\u0435\u043b\u044c \u0432\u044b\u0437\u0432\u0430\u043b \u044e\u043d\u043e\u0448\u0443 \u043a \u0441\u0435\u0431\u0435: &#171;\u041c\u044b \u043d\u0435 \u043c\u043e\u0436\u0435\u043c \u0431\u043e\u043b\u044c\u0448\u0435 \u043e\u0431\u0443\u0447\u0430\u0442\u044c \u0442\u0435\u0431\u044f. \u041c\u043e\u043d\u0430\u0445 \u0438\u0437 \u0442\u0435\u0431\u044f \u043d\u0438\u043a\u043e\u0433\u0434\u0430 \u043d\u0435 \u043f\u043e\u043b\u0443\u0447\u0438\u0442\u0441\u044f! \u0422\u0435\u0431\u0435 \u043f\u0440\u0438\u0434\u0435\u0442\u0441\u044f \u043f\u043e\u043a\u0438\u043d\u0443\u0442\u044c \u043d\u0430\u0448 \u043c\u043e\u043d\u0430\u0441\u0442\u044b\u0440\u044c. \u041d\u043e \u043f\u0440\u0435\u0436\u0434\u0435 \u0447\u0435\u043c \u0442\u044b \u0443\u0439\u0434\u0435\u0448\u044c, \u043f\u0440\u0438\u0441\u043b\u0443\u0448\u0430\u0439\u0441\u044f \u043a \u043c\u043e\u0438\u043c \u0441\u043b\u043e\u0432\u0430\u043c \u0438 \u0437\u0430\u043f\u043e\u043c\u043d\u0438 \u0438\u0445: \u043d\u0430 \u043d\u043e\u0447\u044c \u0443\u0445\u043e\u0434\u0438 \u0438\u0437 \u0431\u043e\u043b\u044c\u0448\u043e\u0439 \u043a\u043e\u043c\u043d\u0430\u0442\u044b \u0432 \u043c\u0430\u043b\u0435\u043d\u044c\u043a\u0443\u044e&#187;.<\/p>\n<p>\u041a\u0430\u043c\u0438 \u043d\u0435 \u0441\u043c\u043e\u0433 \u043f\u043e\u043d\u044f\u0442\u044c \u0437\u043d\u0430\u0447\u0435\u043d\u0438\u0435 \u0441\u043a\u0430\u0437\u0430\u043d\u043d\u043e\u0433\u043e \u043d\u0430\u0441\u0442\u043e\u044f\u0442\u0435\u043b\u0435\u043c. \u0417\u0430\u0432\u044f\u0437\u0430\u0432 \u0432 \u0443\u0437\u0435\u043b\u043e\u043a \u0441\u0432\u043e\u0438 \u043f\u043e\u0436\u0438\u0442\u043a\u0438, \u043c\u043e\u043b\u043e\u0434\u043e\u0439 \u0447\u0435\u043b\u043e\u0432\u0435\u043a \u0443\u0448\u0435\u043b \u0438\u0437 \u0445\u0440\u0430\u043c\u0430.<\/p>\n<p>\u041d\u0435 \u0437\u043d\u0430\u043b \u044e\u043d\u043e\u0448\u0430, \u0447\u0442\u043e \u0435\u043c\u0443 \u0434\u0435\u043b\u0430\u0442\u044c \u0438 \u043a\u0443\u0434\u0430 \u0442\u0435\u043f\u0435\u0440\u044c \u0438\u0434\u0442\u0438. \u0414\u043e\u043c\u043e\u0439 \u043e\u043d \u0432\u0435\u0440\u043d\u0443\u0442\u044c\u0441\u044f \u043d\u0435 \u043c\u043e\u0433, \u0432\u0435\u0434\u044c \u0440\u043e\u0434\u0438\u0442\u0435\u043b\u0438 \u0431\u0435\u0434\u043d\u044b, \u0438 \u043d\u0435 \u043f\u0440\u043e\u043a\u043e\u0440\u043c\u044f\u0442 \u0441\u044b\u043d\u0430. \u0418 \u0442\u0443\u0442 \u041a\u0430\u043c\u0438 \u0432\u0441\u043f\u043e\u043c\u043d\u0438\u043b, \u0447\u0442\u043e \u043d\u0435\u043f\u043e\u0434\u0430\u043b\u0435\u043a\u0443 \u0440\u0430\u0441\u043f\u043e\u043b\u043e\u0436\u0435\u043d \u043c\u043e\u043d\u0430\u0441\u0442\u044b\u0440\u044c \u041d\u0438\u043a\u043e\u0442\u043e. \u041c\u043e\u0436\u0435\u0442 \u0431\u044b\u0442\u044c, \u0435\u0433\u043e \u043c\u043e\u043d\u0430\u0445\u0438 \u0441\u043e\u0433\u043b\u0430\u0441\u044f\u0442\u0441\u044f \u043f\u0440\u0438\u043d\u044f\u0442\u044c \u043d\u043e\u0432\u043e\u0433\u043e \u043f\u043e\u0441\u043b\u0443\u0448\u043d\u0438\u043a\u0430? \u0418 \u044e\u043d\u043e\u0448\u0430 \u043e\u0442\u043f\u0440\u0430\u0432\u0438\u043b\u0441\u044f \u0432 \u043f\u0443\u0442\u044c.<\/p>\n<p>\u041d\u0435 \u0437\u043d\u0430\u043b \u043e\u043d, \u0447\u0442\u043e \u043e\u0433\u0440\u043e\u043c\u043d\u044b\u0439 \u043c\u043e\u043d\u0430\u0441\u0442\u044b\u0440\u044c \u0431\u044b\u043b \u0437\u0430\u043a\u0440\u044b\u0442. \u041e\u0434\u043d\u0430\u0436\u0434\u044b \u0438\u0437 \u0441\u0443\u043c\u0435\u0440\u0435\u0447\u043d\u043e\u0433\u043e \u0442\u0443\u043c\u0430\u043d\u0430 \u0432\u043e\u0437\u043d\u0438\u043a\u043b\u0430 \u043e\u0433\u0440\u043e\u043c\u043d\u0430\u044f \u043a\u0440\u044b\u0441\u0430 \u0438 \u0442\u0430\u043a \u043f\u0435\u0440\u0435\u043f\u0443\u0433\u0430\u043b\u0430 \u043c\u043e\u043d\u0430\u0445\u043e\u0432 \u041d\u0438\u043a\u043e\u0442\u043e, \u0447\u0442\u043e \u0442\u0435 \u0440\u0430\u0437\u0431\u0435\u0436\u0430\u043b\u0438\u0441\u044c \u043a\u0442\u043e \u043a\u0443\u0434\u0430. \u041d\u0430 \u0441\u043b\u0435\u0434\u0443\u044e\u0449\u0438\u0439 \u0434\u0435\u043d\u044c \u0441\u043e\u0442\u043d\u044f \u0445\u0440\u0430\u0431\u0440\u0435\u0439\u0448\u0438\u0445 \u0432\u043e\u0438\u043d\u043e\u0432 \u043e\u0442\u043f\u0440\u0430\u0432\u0438\u043b\u0430\u0441\u044c \u0432 \u043c\u043e\u043d\u0430\u0441\u0442\u044b\u0440\u044c, \u0447\u0442\u043e\u0431\u044b \u043f\u043e\u043a\u043e\u043d\u0447\u0438\u0442\u044c \u0441 \u0443\u0436\u0430\u0441\u043d\u043e\u0439 \u043a\u0440\u044b\u0441\u043e\u0439, \u043e\u0434\u043d\u0430\u043a\u043e \u0441 \u0442\u0435\u0445 \u043f\u043e\u0440 \u0432\u043e\u0438\u043d\u043e\u0432 \u043d\u0438\u043a\u0442\u043e \u043d\u0435 \u0432\u0438\u0434\u0435\u043b.<\/p>\n<p>\u041f\u043e\u0434\u043e\u0448\u0435\u043b \u041a\u0430\u043c\u0438 \u043a \u043c\u043e\u043d\u0430\u0441\u0442\u044b\u0440\u044e, \u043a\u043e\u0433\u0434\u0430 \u0443\u0436\u0435 \u0441\u0442\u0435\u043c\u043d\u0435\u043b\u043e. \u0412\u043e\u043a\u0440\u0443\u0433 \u0446\u0430\u0440\u0438\u043b\u0430 \u0441\u0442\u0440\u0430\u043d\u043d\u0430\u044f \u0442\u0438\u0448\u0438\u043d\u0430. \u0412\u0435\u0434\u0443\u0449\u0430\u044f \u043a \u043c\u043e\u043d\u0430\u0441\u0442\u044b\u0440\u044e \u0434\u043e\u0440\u043e\u0436\u043a\u0430 \u043f\u0440\u0438\u0432\u0435\u0442\u043b\u0438\u0432\u043e \u043e\u0441\u0432\u0435\u0449\u0430\u043b\u0430\u0441\u044c \u043c\u043d\u043e\u0436\u0435\u0441\u0442\u0432\u043e\u043c \u044f\u0440\u043a\u0438\u0445 \u043f\u043e\u0437\u043e\u043b\u043e\u0447\u0435\u043d\u043d\u044b\u0445 \u0444\u043e\u043d\u0430\u0440\u0438\u043a\u043e\u0432. \u041c\u0435\u0441\u0442\u043d\u044b\u0435 \u0436\u0438\u0442\u0435\u043b\u0438 \u043f\u0440\u043e\u0437\u0432\u0430\u043b\u0438 \u0438\u0445 \u041e\u0433\u043d\u044f\u043c\u0438 \u0414\u044c\u044f\u0432\u043e\u043b\u0430 \u2013 \u0444\u043e\u043d\u0430\u0440\u0438\u043a\u0438 \u0437\u0430\u0436\u0438\u0433\u0430\u043b\u0430 \u0441\u0430\u043c\u0430 \u043a\u0440\u044b\u0441\u0430, \u0447\u0442\u043e\u0431\u044b \u0437\u0430\u0432\u043b\u0435\u043a\u0430\u0442\u044c \u043f\u0443\u0442\u043d\u0438\u043a\u043e\u0432.<\/p>\n<p>\u041d\u0435 \u0437\u043d\u0430\u044f \u043e \u0433\u0440\u043e\u0437\u044f\u0449\u0435\u0439 \u0435\u043c\u0443 \u043e\u043f\u0430\u0441\u043d\u043e\u0441\u0442\u0438, \u044e\u043d\u043e\u0448\u0430 \u043f\u043e\u0434\u043d\u044f\u043b\u0441\u044f \u043f\u043e \u0441\u0442\u0443\u043f\u0435\u043d\u044f\u043c \u043c\u043e\u043d\u0430\u0441\u0442\u044b\u0440\u044f. \u041e\u043d \u0437\u0430\u043c\u0435\u0442\u0438\u043b, \u0447\u0442\u043e \u0432 \u0437\u0434\u0430\u043d\u0438\u0438 \u043d\u0438\u043a\u043e\u0433\u043e \u043d\u0435 \u0431\u044b\u043b\u043e, \u043d\u043e \u0431\u0435\u0434\u043d\u044f\u0433\u0430 \u0442\u0430\u043a \u0443\u0441\u0442\u0430\u043b, \u0447\u0442\u043e \u0440\u0435\u0448\u0438\u043b \u043f\u0440\u0438\u0441\u0435\u0441\u0442\u044c \u043d\u0430 \u043f\u043e\u043b \u0438 \u043f\u043e\u0434\u043e\u0436\u0434\u0430\u0442\u044c, \u043f\u043e\u043a\u0430 \u043a\u0442\u043e-\u043d\u0438\u0431\u0443\u0434\u044c \u043f\u043e\u044f\u0432\u0438\u0442\u0441\u044f.<br \/>\n\u041a\u0430\u043c\u0438 \u043e\u0431\u0432\u0435\u043b \u0432\u0437\u0433\u043b\u044f\u0434\u043e\u043c \u043f\u043e\u043c\u0435\u0449\u0435\u043d\u0438\u0435 \u2013 \u0432\u0435\u0437\u0434\u0435 \u043f\u044b\u043b\u044c \u0438 \u043f\u0430\u0443\u0442\u0438\u043d\u0430. \u0423\u043b\u044b\u0431\u043d\u0443\u0432\u0448\u0438\u0441\u044c, \u043c\u043e\u043b\u043e\u0434\u043e\u0439 \u0447\u0435\u043b\u043e\u0432\u0435\u043a \u043f\u043e\u0434\u0443\u043c\u0430\u043b, \u0447\u0442\u043e \u0435\u0441\u043b\u0438 \u043c\u043e\u043d\u0430\u0445\u0438 \u043e\u0442\u043a\u0430\u0436\u0443\u0442\u0441\u044f \u043f\u0440\u0438\u043d\u044f\u0442\u044c \u0435\u0433\u043e \u043f\u043e\u0441\u043b\u0443\u0448\u043d\u0438\u043a\u043e\u043c, \u0442\u043e \u043e\u043d \u0441\u043c\u043e\u0436\u0435\u0442 \u0440\u0430\u0431\u043e\u0442\u0430\u0442\u044c \u0437\u0434\u0435\u0441\u044c \u043f\u0440\u0438\u0441\u043b\u0443\u0433\u043e\u0439.<\/p>\n<p>\u041e\u0442 \u044d\u0442\u043e\u0439 \u043c\u044b\u0441\u043b\u0438 \u041a\u0430\u043c\u0438 \u0432\u0434\u0440\u0443\u0433 \u0441\u0442\u0430\u043b\u043e \u0445\u043e\u0440\u043e\u0448\u043e. \u0410 \u0443\u0432\u0438\u0434\u0435\u0432 \u0432 \u0443\u0433\u043b\u0443 \u0431\u043e\u043b\u044c\u0448\u0443\u044e \u0431\u0443\u043c\u0430\u0436\u043d\u0443\u044e \u0448\u0438\u0440\u043c\u0443, \u043a\u0438\u0441\u0442\u0438 \u0438 \u0447\u0435\u0440\u043d\u0438\u043b\u0430, \u043e\u043d \u043f\u043e\u0447\u0443\u0432\u0441\u0442\u0432\u043e\u0432\u0430\u043b \u0441\u0435\u0431\u044f \u0441\u0447\u0430\u0441\u0442\u043b\u0438\u0432\u044b\u043c!<\/p>\n<p>\u042e\u043d\u043e\u0448\u0430 \u043d\u0435\u0441\u043a\u043e\u043b\u044c\u043a\u043e \u0447\u0430\u0441\u043e\u0432 \u0440\u0438\u0441\u043e\u0432\u0430\u043b \u043a\u043e\u0448\u0435\u043a. \u0412 \u043f\u043e\u043b\u043d\u043e\u0447\u044c, \u0438\u0437\u0440\u044f\u0434\u043d\u043e \u0443\u0441\u0442\u0430\u0432\u0448\u0438\u0439, \u043e\u043d \u043f\u0440\u0438\u043b\u0435\u0433 \u043d\u0430 \u043f\u043e\u043b \u043e\u0442\u0434\u043e\u0445\u043d\u0443\u0442\u044c. \u041a\u0430\u043c\u0438 \u0437\u0430\u043a\u0440\u044b\u043b \u0433\u043b\u0430\u0437\u0430 \u0438 \u0443\u0436\u0435 \u0441\u043e\u0431\u0438\u0440\u0430\u043b\u0441\u044f \u0443\u0441\u043d\u0443\u0442\u044c, \u043a\u0430\u043a \u0432\u0434\u0440\u0443\u0433 \u0432\u0441\u043f\u043e\u043c\u043d\u0438\u043b \u0441\u043b\u043e\u0432\u0430 \u043d\u0430\u0441\u0442\u043e\u044f\u0442\u0435\u043b\u044f: &#171;\u041d\u0430 \u043d\u043e\u0447\u044c \u0443\u0445\u043e\u0434\u0438 \u0438\u0437 \u0431\u043e\u043b\u044c\u0448\u043e\u0439 \u043a\u043e\u043c\u043d\u0430\u0442\u044b \u0432 \u043c\u0430\u043b\u0435\u043d\u044c\u043a\u0443\u044e&#187;.<\/p>\n<p>\u0421\u043e\u043d \u043a\u0430\u043a \u0440\u0443\u043a\u043e\u0439 \u0441\u043d\u044f\u043b\u043e. \u0417\u0430\u043b, \u0432 \u043a\u043e\u0442\u043e\u0440\u043e\u043c \u043b\u0435\u0436\u0430\u043b \u044e\u043d\u043e\u0448\u0430, \u0431\u044b\u043b \u043e\u0433\u0440\u043e\u043c\u043d\u043e\u0439, \u0438 \u0441\u0442\u043e\u044f\u0432\u0448\u0430\u044f \u0432 \u043d\u0435\u043c \u043f\u043e\u0434\u043e\u0437\u0440\u0438\u0442\u0435\u043b\u044c\u043d\u0430\u044f \u0442\u0438\u0448\u0438\u043d\u0430 \u043f\u043e\u043a\u0430\u0437\u0430\u043b\u0430\u0441\u044c \u0435\u043c\u0443 \u0437\u043b\u043e\u0432\u0435\u0449\u0435\u0439. \u041f\u043e\u0434\u043d\u044f\u0432\u0448\u0438\u0441\u044c, \u043c\u043e\u043b\u043e\u0434\u043e\u0439 \u0447\u0435\u043b\u043e\u0432\u0435\u043a \u043f\u043e\u0448\u0435\u043b \u0438\u0441\u043a\u0430\u0442\u044c \u043f\u043e\u043c\u0435\u0449\u0435\u043d\u0438\u0435 \u043f\u043e\u043c\u0435\u043d\u044c\u0448\u0435, \u0433\u0434\u0435 \u043c\u043e\u0436\u043d\u043e \u0431\u044b\u043b\u043e \u0431\u044b \u043f\u0435\u0440\u0435\u043d\u043e\u0447\u0435\u0432\u0430\u0442\u044c. \u041e\u043d \u043d\u0430\u0448\u0435\u043b \u043d\u0435\u0431\u043e\u043b\u044c\u0448\u0443\u044e \u043a\u043e\u043c\u043d\u0430\u0442\u043a\u0443 \u0441 \u0440\u0430\u0437\u0434\u0432\u0438\u0436\u043d\u043e\u0439 \u0434\u0432\u0435\u0440\u044c\u044e. \u0421\u0432\u0435\u0440\u043d\u0443\u043b\u0441\u044f \u043a\u0430\u043b\u0430\u0447\u0438\u043a\u043e\u043c \u0438 \u0443\u0441\u043d\u0443\u043b \u0441\u043b\u0430\u0434\u043a\u0438\u043c \u0441\u043d\u043e\u043c.<\/p>\n<p>\u0417\u0430 \u0447\u0430\u0441 \u0434\u043e \u0440\u0430\u0441\u0441\u0432\u0435\u0442\u0430 \u043e\u0433\u0440\u043e\u043c\u043d\u0430\u044f \u0447\u0435\u0440\u043d\u0430\u044f \u0442\u0435\u043d\u044c \u043b\u0435\u0433\u043b\u0430 \u043d\u0430 \u0431\u0443\u043c\u0430\u0436\u043d\u0443\u044e \u0434\u0432\u0435\u0440\u044c \u043a\u043e\u043c\u043d\u0430\u0442\u043a\u0438 \u041a\u0430\u043c\u0438, \u0438 \u0442\u043e\u0442\u0447\u0430\u0441 \u043f\u043e\u0433\u0430\u0441\u043b\u0438 \u0432\u0441\u0435 \u0444\u043e\u043d\u0430\u0440\u0438\u043a\u0438 \u0432 \u043c\u043e\u043d\u0430\u0441\u0442\u044b\u0440\u0435. \u041c\u043e\u043b\u043e\u0434\u043e\u0439 \u0447\u0435\u043b\u043e\u0432\u0435\u043a \u043f\u0440\u043e\u0441\u043d\u0443\u043b\u0441\u044f \u0438\u0437-\u0437\u0430 \u0443\u0436\u0430\u0441\u043d\u043e\u0433\u043e \u0448\u0438\u043f\u0435\u043d\u0438\u044f. \u0417\u0430\u0431\u0438\u043b\u0441\u044f \u044e\u043d\u043e\u0448\u0430 \u0432 \u0443\u0433\u043e\u043b\u043e\u043a. \u041e\u043d \u043d\u0435 \u0440\u0435\u0448\u0430\u043b\u0441\u044f \u043f\u043e\u0434\u043e\u0439\u0442\u0438 \u043a \u0434\u0432\u0435\u0440\u0438 \u0438 \u043f\u043e\u0441\u043c\u043e\u0442\u0440\u0435\u0442\u044c, \u0447\u0442\u043e \u0442\u0430\u043c \u0442\u0430\u043a\u043e\u0435\u2026 \u041a\u0430\u043c\u0438 \u0435\u0434\u0432\u0430 \u0434\u044b\u0448\u0430\u043b \u043e\u0442 \u0438\u0441\u043f\u0443\u0433\u0430. \u0421\u0442\u0440\u0430\u043d\u043d\u044b\u0435 \u0437\u0432\u0443\u043a\u0438 \u0441\u0442\u0430\u043d\u043e\u0432\u0438\u043b\u0438\u0441\u044c \u0432\u0441\u0435 \u0433\u0440\u043e\u043c\u0447\u0435, \u0438 \u0432\u0441\u043a\u043e\u0440\u0435 \u0443\u0436\u0435 \u0432\u0435\u0441\u044c \u043c\u043e\u043d\u0430\u0441\u0442\u044b\u0440\u044c \u0441\u043e\u0442\u0440\u044f\u0441\u0430\u043b\u0441\u044f \u043e\u0442 \u0443\u0436\u0430\u0441\u0430\u044e\u0449\u0435\u0433\u043e \u0433\u0440\u043e\u0445\u043e\u0442\u0430.<\/p>\n<p>\u041d\u0435\u043e\u0436\u0438\u0434\u0430\u043d\u043d\u043e \u0432\u043e\u0446\u0430\u0440\u0438\u043b\u0430\u0441\u044c \u0442\u0438\u0448\u0438\u043d\u0430. \u041d\u043e \u043c\u043e\u043b\u043e\u0434\u043e\u0439 \u0447\u0435\u043b\u043e\u0432\u0435\u043a \u043f\u0440\u043e\u0434\u043e\u043b\u0436\u0430\u043b \u043b\u0435\u0436\u0430\u0442\u044c \u0432 \u0443\u043a\u0440\u043e\u043c\u043d\u043e\u043c \u0443\u0433\u043e\u043b\u043a\u0435. \u041e\u043d \u043d\u0435 \u0434\u0432\u0438\u043d\u0443\u043b\u0441\u044f \u0441 \u043c\u0435\u0441\u0442\u0430, \u043f\u043e\u043a\u0430 \u043f\u0435\u0440\u0432\u044b\u0435 \u0441\u043e\u043b\u043d\u0435\u0447\u043d\u044b\u0435 \u043b\u0443\u0447\u0438 \u043d\u0435 \u043f\u0440\u043e\u043d\u0438\u043a\u043b\u0438 \u0432 \u043a\u043e\u043c\u043d\u0430\u0442\u0443.<\/p>\n<p>\u042e\u043d\u043e\u0448\u0430 \u0432\u0441\u0442\u0430\u043b, \u0442\u0438\u0445\u043e\u043d\u044c\u043a\u043e \u043f\u0440\u0438\u043e\u0442\u043a\u0440\u044b\u043b \u0434\u0432\u0435\u0440\u044c \u0438 \u043d\u0430 \u0446\u044b\u043f\u043e\u0447\u043a\u0430\u0445 \u043f\u0440\u043e\u0448\u043c\u044b\u0433\u043d\u0443\u043b \u0432 \u0431\u043e\u043b\u044c\u0448\u0443\u044e \u043a\u043e\u043c\u043d\u0430\u0442\u0443. \u0422\u0430\u043c \u043d\u0430 \u043f\u043e\u043b\u0443 \u043f\u0435\u0440\u0435\u0434 \u0448\u0438\u0440\u043c\u043e\u0439 \u0432 \u043b\u0443\u0436\u0435 \u0441\u043e\u0431\u0441\u0442\u0432\u0435\u043d\u043d\u043e\u0439 \u043a\u0440\u043e\u0432\u0438 \u043b\u0435\u0436\u0430\u043b\u0430 \u043e\u0433\u0440\u043e\u043c\u043d\u0435\u0439\u0448\u0430\u044f \u043a\u0440\u044b\u0441\u0430. \u041a\u0430\u043c\u0438 \u0431\u044b\u043b \u043f\u0435\u0440\u0435\u043f\u0443\u0433\u0430\u043d \u0438 \u043d\u0435 \u0441\u0440\u0430\u0437\u0443 \u043f\u043e\u043d\u044f\u043b, \u0447\u0442\u043e \u044d\u0442\u043e \u043d\u0430\u0440\u0438\u0441\u043e\u0432\u0430\u043d\u043d\u044b\u0435 \u0438\u043c \u043d\u0430 \u0448\u0438\u0440\u043c\u0435 \u043a\u043e\u0448\u043a\u0438 \u0437\u0430\u0434\u0443\u0448\u0438\u043b\u0438 \u0433\u043d\u0443\u0441\u043d\u043e\u0433\u043e \u043c\u043e\u043d\u0441\u0442\u0440\u0430!<\/p>\n<p>\u041b\u044e\u0431\u0438\u043c\u043e\u0435 \u0434\u0435\u043b\u043e \u0438 \u043c\u0443\u0434\u0440\u044b\u0439 \u0441\u043e\u0432\u0435\u0442 \u043d\u0430\u0441\u0442\u043e\u044f\u0442\u0435\u043b\u044f \u0441\u043f\u0430\u0441\u043b\u0438 \u044e\u043d\u0443\u044e \u0436\u0438\u0437\u043d\u044c!<\/p>\n","protected":false},"excerpt":{"rendered":"<p>Fr\u00e9d\u00e9ric Cl\u00e9ment Adrienne Segur \u041d\u0430\u0437\u0432\u0430\u043d\u0438\u0435 \u041c\u0430\u043b\u044c\u0447\u0438\u043a, \u0440\u0438\u0441\u0443\u044e\u0449\u0438\u0439 \u043a\u043e\u0442\u043e\u0432 \u0410\u0432\u0442\u043e\u0440 \u042f\u043f\u043e\u043d\u0441\u043a\u0438\u0439 \u0444\u043e\u043b\u044c\u043a\u043b\u043e\u0440 \u0418\u043b\u043b\u044e\u0441\u0442\u0440\u0430\u0442\u043e\u0440 Fr\u00e9d\u00e9ric Cl\u00e9ment \u0413\u043e\u0434 \u0438\u0437\u0434\u0430\u043d\u0438\u044f 1994 \u0418\u0437\u0434\u0430\u0442\u0435\u043b\u044c\u0441\u0442\u0432\u043e Dial \u041d\u0430\u0437\u0432\u0430\u043d\u0438\u0435 Le Chat J\u00e9r\u00e9mie et autres&hellip;<\/p>\n","protected":false},"author":1,"featured_media":0,"parent":0,"menu_order":0,"comment_status":"open","ping_status":"closed","template":"sidebar-page.php","meta":[],"_links":{"self":[{"href":"http:\/\/www.fairyroom.ru\/index.php?rest_route=\/wp\/v2\/pages\/1204"}],"collection":[{"href":"http:\/\/www.fairyroom.ru\/index.php?rest_route=\/wp\/v2\/pages"}],"about":[{"href":"http:\/\/www.fairyroom.ru\/index.php?rest_route=\/wp\/v2\/types\/page"}],"author":[{"embeddable":true,"href":"http:\/\/www.fairyroom.ru\/index.php?rest_route=\/wp\/v2\/users\/1"}],"replies":[{"embeddable":true,"href":"http:\/\/www.fairyroom.ru\/index.php?rest_route=%2Fwp%2Fv2%2Fcomments&post=1204"}],"version-history":[{"count":5,"href":"http:\/\/www.fairyroom.ru\/index.php?rest_route=\/wp\/v2\/pages\/1204\/revisions"}],"predecessor-version":[{"id":3389,"href":"http:\/\/www.fairyroom.ru\/index.php?rest_route=\/wp\/v2\/pages\/1204\/revisions\/3389"}],"wp:attachment":[{"href":"http:\/\/www.fairyroom.ru\/index.php?rest_route=%2Fwp%2Fv2%2Fmedia&parent=1204"}],"curies":[{"name":"wp","href":"https:\/\/api.w.org\/{rel}","templated":true}]}}